{"id":19,"date":"2023-04-19T21:19:30","date_gmt":"2023-04-19T21:19:30","guid":{"rendered":"https:\/\/testwebsite.industrietechnik-schulder.de\/?page_id=19"},"modified":"2025-01-05T15:27:43","modified_gmt":"2025-01-05T15:27:43","slug":"about","status":"publish","type":"page","link":"https:\/\/industrietechnik-schulder.de\/?page_id=19","title":{"rendered":"\u00dcber Uns"},"content":{"rendered":"\n<div style=\"height:100px\" aria-hidden=\"true\" class=\"wp-block-spacer\"><\/div>\n\n\n\n<div class=\"wp-block-group\"><div class=\"wp-block-group__inner-container is-layout-constrained wp-block-group-is-layout-constrained\">\n<p>Die I.T.S- Industrietechnik-Schulder ist Ihr nachhaltiger Partner f\u00fcr den Industriellen Anlagenbau rund um die Chemische- und Verfahrenstechnische Prozesstechnik.<\/p>\n\n\n\n<p><br>Wir beraten und begleiten Sie, von der ersten Auslegung der Anlagenteile oder die regelwerkskonforme Optimierung Ihrer Bestandsanlagen.<\/p>\n\n\n\n<p><\/p>\n\n\n\n<p>In diesen Fachthemen unterst\u00fctzen wir Sie aktiv:<\/p>\n\n\n\n<ul class=\"wp-block-list\">\n<li>Dichtungstechnik (statisch und dynamisch) Hersteller unbah\u00e4ngig!<\/li>\n\n\n\n<li>Armaturen- und Automatisierungsl\u00f6sungen, incl. der Steuerung und Sensorik<\/li>\n\n\n\n<li>Druckentlastung (AD2000 A1 und -A2), DGRL.<\/li>\n<\/ul>\n\n\n\n<ul class=\"wp-block-list\">\n<li>Rechnerische Nachweise zur Einhaltung der TA-Luft Anforderungen, nach VDI 2230\/ DIN-EN 1591-1.<\/li>\n<\/ul>\n\n\n\n<ul class=\"wp-block-list\">\n<li>Flansch-Montage-Schulung nach DIN-EN 1591-4, incl. Pr\u00fcfung in Zusammenarbeit mit der TQ-Cert GmbH<\/li>\n\n\n\n<li>Dichtheitspr\u00fcfung, auch in besonders anspruchsvollen Anwendungsbereichen, hinsichtlich Temperaturen, Dr\u00fccken und Leckageanforderungen bis 10 exp-10 mbar *l\/s!<\/li>\n<\/ul>\n\n\n\n<p>Um Ihre Ziele umzusetzen arbeiten wir in einem leistungsstarken Netzwerk mit Herstellern und Fachstellen zusammen und bieten Ihnen individuelle Leistungspakete.<\/p>\n\n\n\n<p>Sprechen Sie uns an, wir nehmen uns gerne Zeit f\u00fcr ein detailliertes Gespr\u00e4ch und unterst\u00fctzen Sie in der Umsetzung Ihrer Ziele.<\/p>\n\n\n\n<p><\/p>\n<\/div><\/div>\n","protected":false},"excerpt":{"rendered":"<p>Die I.T.S- Industrietechnik-Schulder ist Ihr nachhaltiger Partner f\u00fcr den Industriellen Anlagenbau rund um die Chemische- und Verfahrenstechnische Prozesstechnik. Wir beraten und begleiten Sie, von der ersten Auslegung der Anlagenteile oder die regelwerkskonforme Optimierung Ihrer Bestandsanlagen. In diesen Fachthemen unterst\u00fctzen wir Sie aktiv: Um Ihre Ziele umzusetzen arbeiten wir in einem leistungsstarken Netzwerk mit Herstellern und &hellip; <\/p>\n<p class=\"link-more\"><a href=\"https:\/\/industrietechnik-schulder.de\/?page_id=19\" class=\"more-link\">Mehr <span class=\"screen-reader-text\">\u00fcber &#8222;\u00dcber Uns&#8220; <\/span>Lesen<\/a><\/p>\n","protected":false},"author":1,"featured_media":0,"parent":2,"menu_order":0,"comment_status":"closed","ping_status":"closed","template":"page-templates\/homepage-builder-bb.php","meta":{"footnotes":""},"class_list":["post-19","page","type-page","status-publish","hentry"],"_links":{"self":[{"href":"https:\/\/industrietechnik-schulder.de\/index.php?rest_route=\/wp\/v2\/pages\/19","targetHints":{"allow":["GET"]}}],"collection":[{"href":"https:\/\/industrietechnik-schulder.de\/index.php?rest_route=\/wp\/v2\/pages"}],"about":[{"href":"https:\/\/industrietechnik-schulder.de\/index.php?rest_route=\/wp\/v2\/types\/page"}],"author":[{"embeddable":true,"href":"https:\/\/industrietechnik-schulder.de\/index.php?rest_route=\/wp\/v2\/users\/1"}],"replies":[{"embeddable":true,"href":"https:\/\/industrietechnik-schulder.de\/index.php?rest_route=%2Fwp%2Fv2%2Fcomments&post=19"}],"version-history":[{"count":7,"href":"https:\/\/industrietechnik-schulder.de\/index.php?rest_route=\/wp\/v2\/pages\/19\/revisions"}],"predecessor-version":[{"id":106,"href":"https:\/\/industrietechnik-schulder.de\/index.php?rest_route=\/wp\/v2\/pages\/19\/revisions\/106"}],"up":[{"embeddable":true,"href":"https:\/\/industrietechnik-schulder.de\/index.php?rest_route=\/wp\/v2\/pages\/2"}],"wp:attachment":[{"href":"https:\/\/industrietechnik-schulder.de\/index.php?rest_route=%2Fwp%2Fv2%2Fmedia&parent=19"}],"curies":[{"name":"wp","href":"https:\/\/api.w.org\/{rel}","templated":true}]}}